{"id":3038,"date":"2024-06-12T15:14:28","date_gmt":"2024-06-12T13:14:28","guid":{"rendered":"https:\/\/www.myawifi.com\/producto\/circe-plague-doctor\/"},"modified":"2026-04-13T11:48:09","modified_gmt":"2026-04-13T09:48:09","slug":"circe-plague-doctor","status":"publish","type":"product","link":"https:\/\/akelarremodels.com\/en\/producto\/circe-plague-doctor\/","title":{"rendered":"Circe-Plague Doctor"},"content":{"rendered":"<p>&#8220;Arcane Circle&#8221; is our latest collection of high quality resin miniatures for painters and collectors.<\/p>\n<p>This series pays homage to the mystical, bringing to life various powerful and enigmatic female characters that have influenced the folklore and history of different cultures and eras. Our first character, Circe, the Plague Doctor, sets the tone for a series of miniatures that will delve into the rich tapestry of witchcraft, magic and shamanism. Each figure is meticulously designed to capture the essence of these legendary figures.<\/p>\n<p>This product includes:<\/p>\n<p>&#8211; 1X Circe, Plague Doctor bust.<\/p>\n<p>&#8211; 2X Akelarre Models Catalog Premium Print.<\/p>\n<p>&#8211; 1X Akelarre Models collection sticker.<\/p>\n<p>The price shown is the final price of the product excluding shipping costs. We ship worldwide. The shipping time can be 1-3 days. Shipping costs will apply. Shipping company: Correos. Shipments to destinations outside the European Union may be subject to customs charges.<\/p>\n<p>FREE SHIPPING COSTS:<\/p>\n<p>-SPAIN: On orders over 150<\/p>\n<p>\u00a4 -REST OF THE WORLD: On orders over 250 \u00a4.<\/p>\n","protected":false},"excerpt":{"rendered":"<p>Produced in high quality resin. Unpainted model &#8211; Requires assembly. Bust scale: 1\/10. Number of pieces: 10 Artwork: Laura Jim\u00e9nez G. Sculpture: Alejandro Mu\u00f1oz. Box Art: Javier Hidalgo Mu\u00f1oz\/Garbi\u00f1e Arroyo. This product is not a toy. Not recommended for people under 14 years of age.<\/p>\n","protected":false},"featured_media":2793,"comment_status":"open","ping_status":"closed","template":"","meta":{"_kadence_starter_templates_imported_post":false,"_kad_post_transparent":"default","_kad_post_title":"","_kad_post_layout":"default","_kad_post_sidebar_id":"","_kad_post_content_style":"default","_kad_post_vertical_padding":"default","_kad_post_feature":"","_kad_post_feature_position":"","_kad_post_header":false,"_kad_post_footer":false,"_kad_post_classname":""},"product_brand":[],"product_cat":[145,115],"product_tag":[],"class_list":{"0":"post-3038","1":"product","2":"type-product","3":"status-publish","4":"has-post-thumbnail","6":"product_cat-arcane-circle-collections","7":"product_cat-bustos-en","9":"first","10":"instock","11":"taxable","12":"shipping-taxable","13":"purchasable","14":"product-type-simple","15":"entry","16":"content-bg","17":"loop-entry"},"yoast_head":"<!-- This site is optimized with the Yoast SEO plugin v27.3 - https:\/\/yoast.com\/product\/yoast-seo-wordpress\/ -->\n<title>Circe-Plague Doctor - Akelarre Models<\/title>\n<meta name=\"robots\" content=\"index, follow, max-snippet:-1, max-image-preview:large, max-video-preview:-1\" \/>\n<link rel=\"canonical\" href=\"https:\/\/akelarremodels.com\/en\/producto\/circe-plague-doctor\/\" \/>\n<meta property=\"og:locale\" content=\"en_US\" \/>\n<meta property=\"og:type\" content=\"article\" \/>\n<meta property=\"og:title\" content=\"Circe-Plague Doctor - Akelarre Models\" \/>\n<meta property=\"og:description\" content=\"Produced in high quality resin. Unpainted model - Requires assembly. Bust scale: 1\/10. Number of pieces: 10 Artwork: Laura Jim\u00e9nez G. Sculpture: Alejandro Mu\u00f1oz. Box Art: Javier Hidalgo Mu\u00f1oz\/Garbi\u00f1e Arroyo. This product is not a toy. Not recommended for people under 14 years of age.\" \/>\n<meta property=\"og:url\" content=\"https:\/\/akelarremodels.com\/en\/producto\/circe-plague-doctor\/\" \/>\n<meta property=\"og:site_name\" content=\"Akelarre Models\" \/>\n<meta property=\"article:modified_time\" content=\"2026-04-13T09:48:09+00:00\" \/>\n<meta property=\"og:image\" content=\"https:\/\/akelarremodels.com\/wp-content\/uploads\/2024\/06\/CircePaintLogo1-scaled.jpg\" \/>\n\t<meta property=\"og:image:width\" content=\"2560\" \/>\n\t<meta property=\"og:image:height\" content=\"2560\" \/>\n\t<meta property=\"og:image:type\" content=\"image\/jpeg\" \/>\n<meta name=\"twitter:card\" content=\"summary_large_image\" \/>\n<meta name=\"twitter:label1\" content=\"Est. reading time\" \/>\n\t<meta name=\"twitter:data1\" content=\"1 minute\" \/>\n<script type=\"application\/ld+json\" class=\"yoast-schema-graph\">{\"@context\":\"https:\\\/\\\/schema.org\",\"@graph\":[{\"@type\":\"WebPage\",\"@id\":\"https:\\\/\\\/akelarremodels.com\\\/en\\\/producto\\\/circe-plague-doctor\\\/\",\"url\":\"https:\\\/\\\/akelarremodels.com\\\/en\\\/producto\\\/circe-plague-doctor\\\/\",\"name\":\"Circe-Plague Doctor - Akelarre Models\",\"isPartOf\":{\"@id\":\"https:\\\/\\\/akelarremodels.com\\\/en\\\/#website\"},\"primaryImageOfPage\":{\"@id\":\"https:\\\/\\\/akelarremodels.com\\\/en\\\/producto\\\/circe-plague-doctor\\\/#primaryimage\"},\"image\":{\"@id\":\"https:\\\/\\\/akelarremodels.com\\\/en\\\/producto\\\/circe-plague-doctor\\\/#primaryimage\"},\"thumbnailUrl\":\"https:\\\/\\\/akelarremodels.com\\\/wp-content\\\/uploads\\\/2024\\\/06\\\/CircePaintLogo1-scaled.jpg\",\"datePublished\":\"2024-06-12T13:14:28+00:00\",\"dateModified\":\"2026-04-13T09:48:09+00:00\",\"breadcrumb\":{\"@id\":\"https:\\\/\\\/akelarremodels.com\\\/en\\\/producto\\\/circe-plague-doctor\\\/#breadcrumb\"},\"inLanguage\":\"en-US\",\"potentialAction\":[{\"@type\":\"ReadAction\",\"target\":[\"https:\\\/\\\/akelarremodels.com\\\/en\\\/producto\\\/circe-plague-doctor\\\/\"]}]},{\"@type\":\"ImageObject\",\"inLanguage\":\"en-US\",\"@id\":\"https:\\\/\\\/akelarremodels.com\\\/en\\\/producto\\\/circe-plague-doctor\\\/#primaryimage\",\"url\":\"https:\\\/\\\/akelarremodels.com\\\/wp-content\\\/uploads\\\/2024\\\/06\\\/CircePaintLogo1-scaled.jpg\",\"contentUrl\":\"https:\\\/\\\/akelarremodels.com\\\/wp-content\\\/uploads\\\/2024\\\/06\\\/CircePaintLogo1-scaled.jpg\",\"width\":2560,\"height\":2560},{\"@type\":\"BreadcrumbList\",\"@id\":\"https:\\\/\\\/akelarremodels.com\\\/en\\\/producto\\\/circe-plague-doctor\\\/#breadcrumb\",\"itemListElement\":[{\"@type\":\"ListItem\",\"position\":1,\"name\":\"Portada\",\"item\":\"https:\\\/\\\/akelarremodels.com\\\/en\\\/home\\\/\"},{\"@type\":\"ListItem\",\"position\":2,\"name\":\"Products\",\"item\":\"https:\\\/\\\/akelarremodels.com\\\/en\\\/shop\\\/\"},{\"@type\":\"ListItem\",\"position\":3,\"name\":\"Circe-Plague Doctor\"}]},{\"@type\":\"WebSite\",\"@id\":\"https:\\\/\\\/akelarremodels.com\\\/en\\\/#website\",\"url\":\"https:\\\/\\\/akelarremodels.com\\\/en\\\/\",\"name\":\"Akelarre Models\",\"description\":\"Materiales y cursos para la pintura de miniaturas.\",\"publisher\":{\"@id\":\"https:\\\/\\\/akelarremodels.com\\\/en\\\/#organization\"},\"potentialAction\":[{\"@type\":\"SearchAction\",\"target\":{\"@type\":\"EntryPoint\",\"urlTemplate\":\"https:\\\/\\\/akelarremodels.com\\\/en\\\/?s={search_term_string}\"},\"query-input\":{\"@type\":\"PropertyValueSpecification\",\"valueRequired\":true,\"valueName\":\"search_term_string\"}}],\"inLanguage\":\"en-US\"},{\"@type\":\"Organization\",\"@id\":\"https:\\\/\\\/akelarremodels.com\\\/en\\\/#organization\",\"name\":\"Akelarre Models\",\"url\":\"https:\\\/\\\/akelarremodels.com\\\/en\\\/\",\"logo\":{\"@type\":\"ImageObject\",\"inLanguage\":\"en-US\",\"@id\":\"https:\\\/\\\/akelarremodels.com\\\/en\\\/#\\\/schema\\\/logo\\\/image\\\/\",\"url\":\"https:\\\/\\\/akelarremodels.com\\\/wp-content\\\/uploads\\\/2024\\\/06\\\/Akelarre_n.png\",\"contentUrl\":\"https:\\\/\\\/akelarremodels.com\\\/wp-content\\\/uploads\\\/2024\\\/06\\\/Akelarre_n.png\",\"width\":2068,\"height\":2068,\"caption\":\"Akelarre Models\"},\"image\":{\"@id\":\"https:\\\/\\\/akelarremodels.com\\\/en\\\/#\\\/schema\\\/logo\\\/image\\\/\"}}]}<\/script>\n<!-- \/ Yoast SEO plugin. -->","yoast_head_json":{"title":"Circe-Plague Doctor - Akelarre Models","robots":{"index":"index","follow":"follow","max-snippet":"max-snippet:-1","max-image-preview":"max-image-preview:large","max-video-preview":"max-video-preview:-1"},"canonical":"https:\/\/akelarremodels.com\/en\/producto\/circe-plague-doctor\/","og_locale":"en_US","og_type":"article","og_title":"Circe-Plague Doctor - Akelarre Models","og_description":"Produced in high quality resin. Unpainted model - Requires assembly. Bust scale: 1\/10. Number of pieces: 10 Artwork: Laura Jim\u00e9nez G. Sculpture: Alejandro Mu\u00f1oz. Box Art: Javier Hidalgo Mu\u00f1oz\/Garbi\u00f1e Arroyo. This product is not a toy. Not recommended for people under 14 years of age.","og_url":"https:\/\/akelarremodels.com\/en\/producto\/circe-plague-doctor\/","og_site_name":"Akelarre Models","article_modified_time":"2026-04-13T09:48:09+00:00","og_image":[{"width":2560,"height":2560,"url":"https:\/\/akelarremodels.com\/wp-content\/uploads\/2024\/06\/CircePaintLogo1-scaled.jpg","type":"image\/jpeg"}],"twitter_card":"summary_large_image","twitter_misc":{"Est. reading time":"1 minute"},"schema":{"@context":"https:\/\/schema.org","@graph":[{"@type":"WebPage","@id":"https:\/\/akelarremodels.com\/en\/producto\/circe-plague-doctor\/","url":"https:\/\/akelarremodels.com\/en\/producto\/circe-plague-doctor\/","name":"Circe-Plague Doctor - Akelarre Models","isPartOf":{"@id":"https:\/\/akelarremodels.com\/en\/#website"},"primaryImageOfPage":{"@id":"https:\/\/akelarremodels.com\/en\/producto\/circe-plague-doctor\/#primaryimage"},"image":{"@id":"https:\/\/akelarremodels.com\/en\/producto\/circe-plague-doctor\/#primaryimage"},"thumbnailUrl":"https:\/\/akelarremodels.com\/wp-content\/uploads\/2024\/06\/CircePaintLogo1-scaled.jpg","datePublished":"2024-06-12T13:14:28+00:00","dateModified":"2026-04-13T09:48:09+00:00","breadcrumb":{"@id":"https:\/\/akelarremodels.com\/en\/producto\/circe-plague-doctor\/#breadcrumb"},"inLanguage":"en-US","potentialAction":[{"@type":"ReadAction","target":["https:\/\/akelarremodels.com\/en\/producto\/circe-plague-doctor\/"]}]},{"@type":"ImageObject","inLanguage":"en-US","@id":"https:\/\/akelarremodels.com\/en\/producto\/circe-plague-doctor\/#primaryimage","url":"https:\/\/akelarremodels.com\/wp-content\/uploads\/2024\/06\/CircePaintLogo1-scaled.jpg","contentUrl":"https:\/\/akelarremodels.com\/wp-content\/uploads\/2024\/06\/CircePaintLogo1-scaled.jpg","width":2560,"height":2560},{"@type":"BreadcrumbList","@id":"https:\/\/akelarremodels.com\/en\/producto\/circe-plague-doctor\/#breadcrumb","itemListElement":[{"@type":"ListItem","position":1,"name":"Portada","item":"https:\/\/akelarremodels.com\/en\/home\/"},{"@type":"ListItem","position":2,"name":"Products","item":"https:\/\/akelarremodels.com\/en\/shop\/"},{"@type":"ListItem","position":3,"name":"Circe-Plague Doctor"}]},{"@type":"WebSite","@id":"https:\/\/akelarremodels.com\/en\/#website","url":"https:\/\/akelarremodels.com\/en\/","name":"Akelarre Models","description":"Materiales y cursos para la pintura de miniaturas.","publisher":{"@id":"https:\/\/akelarremodels.com\/en\/#organization"},"potentialAction":[{"@type":"SearchAction","target":{"@type":"EntryPoint","urlTemplate":"https:\/\/akelarremodels.com\/en\/?s={search_term_string}"},"query-input":{"@type":"PropertyValueSpecification","valueRequired":true,"valueName":"search_term_string"}}],"inLanguage":"en-US"},{"@type":"Organization","@id":"https:\/\/akelarremodels.com\/en\/#organization","name":"Akelarre Models","url":"https:\/\/akelarremodels.com\/en\/","logo":{"@type":"ImageObject","inLanguage":"en-US","@id":"https:\/\/akelarremodels.com\/en\/#\/schema\/logo\/image\/","url":"https:\/\/akelarremodels.com\/wp-content\/uploads\/2024\/06\/Akelarre_n.png","contentUrl":"https:\/\/akelarremodels.com\/wp-content\/uploads\/2024\/06\/Akelarre_n.png","width":2068,"height":2068,"caption":"Akelarre Models"},"image":{"@id":"https:\/\/akelarremodels.com\/en\/#\/schema\/logo\/image\/"}}]}},"_links":{"self":[{"href":"https:\/\/akelarremodels.com\/en\/wp-json\/wp\/v2\/product\/3038","targetHints":{"allow":["GET"]}}],"collection":[{"href":"https:\/\/akelarremodels.com\/en\/wp-json\/wp\/v2\/product"}],"about":[{"href":"https:\/\/akelarremodels.com\/en\/wp-json\/wp\/v2\/types\/product"}],"replies":[{"embeddable":true,"href":"https:\/\/akelarremodels.com\/en\/wp-json\/wp\/v2\/comments?post=3038"}],"wp:featuredmedia":[{"embeddable":true,"href":"https:\/\/akelarremodels.com\/en\/wp-json\/wp\/v2\/media\/2793"}],"wp:attachment":[{"href":"https:\/\/akelarremodels.com\/en\/wp-json\/wp\/v2\/media?parent=3038"}],"wp:term":[{"taxonomy":"product_brand","embeddable":true,"href":"https:\/\/akelarremodels.com\/en\/wp-json\/wp\/v2\/product_brand?post=3038"},{"taxonomy":"product_cat","embeddable":true,"href":"https:\/\/akelarremodels.com\/en\/wp-json\/wp\/v2\/product_cat?post=3038"},{"taxonomy":"product_tag","embeddable":true,"href":"https:\/\/akelarremodels.com\/en\/wp-json\/wp\/v2\/product_tag?post=3038"}],"curies":[{"name":"wp","href":"https:\/\/api.w.org\/{rel}","templated":true}]}}