{"id":6347,"date":"2025-02-17T16:03:49","date_gmt":"2025-02-17T14:03:49","guid":{"rendered":"https:\/\/akelarremodels.com\/producto\/enara-academic-bust\/"},"modified":"2026-01-18T01:49:50","modified_gmt":"2026-01-17T23:49:50","slug":"enara-academic-bust","status":"publish","type":"product","link":"https:\/\/akelarremodels.com\/en\/producto\/enara-academic-bust\/","title":{"rendered":"&#8220;Enara&#8221; Academic bust."},"content":{"rendered":"<p>Our new &#8220;Enara&#8221; bust from the academic busts line is an ideal piece for artists looking to perfect their technique in anatomy painting. With precise proportions and carefully sculpted details, it offers a base for practicing light, shadow, volume and atmosphere. Its high quality resin surface allows for a fluid application of paint, facilitating the study of tones and textures. Perfect for beginners and professionals alike, this bust is an essential tool for artistic development.   <\/p>\n<p>The price shown is the final price of the product excluding shipping costs.<\/p>\n<p>We ship worldwide.<br \/>\nShipping time may be 1-3 days.<br \/>\nShipping costs will apply.<br \/>\nShipping company: Correos. Shipments to destinations outside the European Union may be subject to customs charges.<\/p>\n<p>FREE SHIPPING COSTS:<br \/>\n-SPAIN: On orders over 150 \u00a4<br \/>\n-REST OF THE WORLD: On orders over 250 \u00a4.<\/p>\n","protected":false},"excerpt":{"rendered":"<p>Produced in high quality resin.<br \/>\nUnpainted model &#8211; Requires assembly.<\/p>\n<p>Design and Sculpture: Sara Gonz\u00e1lez.<br \/>\nBox Art: Andr\u00e9s Bull\u00f3n.<\/p>\n<p>Bust scale: 1\/12.<br \/>\nNumber of pieces: 2<\/p>\n<p>This product is not a toy. Not recommended for people under 14 years of age.<\/p>\n","protected":false},"featured_media":6434,"comment_status":"open","ping_status":"closed","template":"","meta":{"_kadence_starter_templates_imported_post":false,"_kad_post_transparent":"","_kad_post_title":"","_kad_post_layout":"","_kad_post_sidebar_id":"","_kad_post_content_style":"","_kad_post_vertical_padding":"","_kad_post_feature":"","_kad_post_feature_position":"","_kad_post_header":false,"_kad_post_footer":false,"_kad_post_classname":""},"product_brand":[],"product_cat":[144,115],"product_tag":[],"class_list":{"0":"post-6347","1":"product","2":"type-product","3":"status-publish","4":"has-post-thumbnail","6":"product_cat-academic-line-collections","7":"product_cat-bustos-en","9":"first","10":"instock","11":"taxable","12":"shipping-taxable","13":"purchasable","14":"product-type-simple","15":"entry","16":"content-bg","17":"loop-entry"},"yoast_head":"<!-- This site is optimized with the Yoast SEO plugin v27.4 - https:\/\/yoast.com\/product\/yoast-seo-wordpress\/ -->\n<title>&quot;Enara&quot; Academic bust. - Akelarre Models<\/title>\n<meta name=\"robots\" content=\"index, follow, max-snippet:-1, max-image-preview:large, max-video-preview:-1\" \/>\n<link rel=\"canonical\" href=\"https:\/\/akelarremodels.com\/en\/producto\/enara-academic-bust\/\" \/>\n<meta property=\"og:locale\" content=\"en_US\" \/>\n<meta property=\"og:type\" content=\"article\" \/>\n<meta property=\"og:title\" content=\"&quot;Enara&quot; Academic bust. - Akelarre Models\" \/>\n<meta property=\"og:description\" content=\"Produced in high quality resin. Unpainted model - Requires assembly. Design and Sculpture: Sara Gonz\u00e1lez. Box Art: Andr\u00e9s Bull\u00f3n. Bust scale: 1\/12. Number of pieces: 2 This product is not a toy. Not recommended for people under 14 years of age.\" \/>\n<meta property=\"og:url\" content=\"https:\/\/akelarremodels.com\/en\/producto\/enara-academic-bust\/\" \/>\n<meta property=\"og:site_name\" content=\"Akelarre Models\" \/>\n<meta property=\"article:modified_time\" content=\"2026-01-17T23:49:50+00:00\" \/>\n<meta property=\"og:image\" content=\"https:\/\/akelarremodels.com\/wp-content\/uploads\/2025\/02\/Enara1Logo-1024x1024.jpg\" \/>\n\t<meta property=\"og:image:width\" content=\"1024\" \/>\n\t<meta property=\"og:image:height\" content=\"1024\" \/>\n\t<meta property=\"og:image:type\" content=\"image\/jpeg\" \/>\n<meta name=\"twitter:card\" content=\"summary_large_image\" \/>\n<meta name=\"twitter:label1\" content=\"Est. reading time\" \/>\n\t<meta name=\"twitter:data1\" content=\"1 minute\" \/>\n<script type=\"application\/ld+json\" class=\"yoast-schema-graph\">{\"@context\":\"https:\\\/\\\/schema.org\",\"@graph\":[{\"@type\":\"WebPage\",\"@id\":\"https:\\\/\\\/akelarremodels.com\\\/en\\\/producto\\\/enara-academic-bust\\\/\",\"url\":\"https:\\\/\\\/akelarremodels.com\\\/en\\\/producto\\\/enara-academic-bust\\\/\",\"name\":\"\\\"Enara\\\" Academic bust. - Akelarre Models\",\"isPartOf\":{\"@id\":\"https:\\\/\\\/akelarremodels.com\\\/en\\\/#website\"},\"primaryImageOfPage\":{\"@id\":\"https:\\\/\\\/akelarremodels.com\\\/en\\\/producto\\\/enara-academic-bust\\\/#primaryimage\"},\"image\":{\"@id\":\"https:\\\/\\\/akelarremodels.com\\\/en\\\/producto\\\/enara-academic-bust\\\/#primaryimage\"},\"thumbnailUrl\":\"https:\\\/\\\/akelarremodels.com\\\/wp-content\\\/uploads\\\/2025\\\/02\\\/Enara1Logo.jpg\",\"datePublished\":\"2025-02-17T14:03:49+00:00\",\"dateModified\":\"2026-01-17T23:49:50+00:00\",\"breadcrumb\":{\"@id\":\"https:\\\/\\\/akelarremodels.com\\\/en\\\/producto\\\/enara-academic-bust\\\/#breadcrumb\"},\"inLanguage\":\"en-US\",\"potentialAction\":[{\"@type\":\"ReadAction\",\"target\":[\"https:\\\/\\\/akelarremodels.com\\\/en\\\/producto\\\/enara-academic-bust\\\/\"]}]},{\"@type\":\"ImageObject\",\"inLanguage\":\"en-US\",\"@id\":\"https:\\\/\\\/akelarremodels.com\\\/en\\\/producto\\\/enara-academic-bust\\\/#primaryimage\",\"url\":\"https:\\\/\\\/akelarremodels.com\\\/wp-content\\\/uploads\\\/2025\\\/02\\\/Enara1Logo.jpg\",\"contentUrl\":\"https:\\\/\\\/akelarremodels.com\\\/wp-content\\\/uploads\\\/2025\\\/02\\\/Enara1Logo.jpg\",\"width\":2120,\"height\":2120},{\"@type\":\"BreadcrumbList\",\"@id\":\"https:\\\/\\\/akelarremodels.com\\\/en\\\/producto\\\/enara-academic-bust\\\/#breadcrumb\",\"itemListElement\":[{\"@type\":\"ListItem\",\"position\":1,\"name\":\"Portada\",\"item\":\"https:\\\/\\\/akelarremodels.com\\\/en\\\/home\\\/\"},{\"@type\":\"ListItem\",\"position\":2,\"name\":\"Products\",\"item\":\"https:\\\/\\\/akelarremodels.com\\\/en\\\/shop\\\/\"},{\"@type\":\"ListItem\",\"position\":3,\"name\":\"&#8220;Enara&#8221; Academic bust.\"}]},{\"@type\":\"WebSite\",\"@id\":\"https:\\\/\\\/akelarremodels.com\\\/en\\\/#website\",\"url\":\"https:\\\/\\\/akelarremodels.com\\\/en\\\/\",\"name\":\"Akelarre Models\",\"description\":\"Materiales y cursos para la pintura de miniaturas.\",\"publisher\":{\"@id\":\"https:\\\/\\\/akelarremodels.com\\\/en\\\/#organization\"},\"potentialAction\":[{\"@type\":\"SearchAction\",\"target\":{\"@type\":\"EntryPoint\",\"urlTemplate\":\"https:\\\/\\\/akelarremodels.com\\\/en\\\/?s={search_term_string}\"},\"query-input\":{\"@type\":\"PropertyValueSpecification\",\"valueRequired\":true,\"valueName\":\"search_term_string\"}}],\"inLanguage\":\"en-US\"},{\"@type\":\"Organization\",\"@id\":\"https:\\\/\\\/akelarremodels.com\\\/en\\\/#organization\",\"name\":\"Akelarre Models\",\"url\":\"https:\\\/\\\/akelarremodels.com\\\/en\\\/\",\"logo\":{\"@type\":\"ImageObject\",\"inLanguage\":\"en-US\",\"@id\":\"https:\\\/\\\/akelarremodels.com\\\/en\\\/#\\\/schema\\\/logo\\\/image\\\/\",\"url\":\"https:\\\/\\\/akelarremodels.com\\\/wp-content\\\/uploads\\\/2024\\\/06\\\/Akelarre_n.png\",\"contentUrl\":\"https:\\\/\\\/akelarremodels.com\\\/wp-content\\\/uploads\\\/2024\\\/06\\\/Akelarre_n.png\",\"width\":2068,\"height\":2068,\"caption\":\"Akelarre Models\"},\"image\":{\"@id\":\"https:\\\/\\\/akelarremodels.com\\\/en\\\/#\\\/schema\\\/logo\\\/image\\\/\"}}]}<\/script>\n<!-- \/ Yoast SEO plugin. -->","yoast_head_json":{"title":"\"Enara\" Academic bust. - Akelarre Models","robots":{"index":"index","follow":"follow","max-snippet":"max-snippet:-1","max-image-preview":"max-image-preview:large","max-video-preview":"max-video-preview:-1"},"canonical":"https:\/\/akelarremodels.com\/en\/producto\/enara-academic-bust\/","og_locale":"en_US","og_type":"article","og_title":"\"Enara\" Academic bust. - Akelarre Models","og_description":"Produced in high quality resin. Unpainted model - Requires assembly. Design and Sculpture: Sara Gonz\u00e1lez. Box Art: Andr\u00e9s Bull\u00f3n. Bust scale: 1\/12. Number of pieces: 2 This product is not a toy. Not recommended for people under 14 years of age.","og_url":"https:\/\/akelarremodels.com\/en\/producto\/enara-academic-bust\/","og_site_name":"Akelarre Models","article_modified_time":"2026-01-17T23:49:50+00:00","og_image":[{"width":1024,"height":1024,"url":"https:\/\/akelarremodels.com\/wp-content\/uploads\/2025\/02\/Enara1Logo-1024x1024.jpg","type":"image\/jpeg"}],"twitter_card":"summary_large_image","twitter_misc":{"Est. reading time":"1 minute"},"schema":{"@context":"https:\/\/schema.org","@graph":[{"@type":"WebPage","@id":"https:\/\/akelarremodels.com\/en\/producto\/enara-academic-bust\/","url":"https:\/\/akelarremodels.com\/en\/producto\/enara-academic-bust\/","name":"\"Enara\" Academic bust. - Akelarre Models","isPartOf":{"@id":"https:\/\/akelarremodels.com\/en\/#website"},"primaryImageOfPage":{"@id":"https:\/\/akelarremodels.com\/en\/producto\/enara-academic-bust\/#primaryimage"},"image":{"@id":"https:\/\/akelarremodels.com\/en\/producto\/enara-academic-bust\/#primaryimage"},"thumbnailUrl":"https:\/\/akelarremodels.com\/wp-content\/uploads\/2025\/02\/Enara1Logo.jpg","datePublished":"2025-02-17T14:03:49+00:00","dateModified":"2026-01-17T23:49:50+00:00","breadcrumb":{"@id":"https:\/\/akelarremodels.com\/en\/producto\/enara-academic-bust\/#breadcrumb"},"inLanguage":"en-US","potentialAction":[{"@type":"ReadAction","target":["https:\/\/akelarremodels.com\/en\/producto\/enara-academic-bust\/"]}]},{"@type":"ImageObject","inLanguage":"en-US","@id":"https:\/\/akelarremodels.com\/en\/producto\/enara-academic-bust\/#primaryimage","url":"https:\/\/akelarremodels.com\/wp-content\/uploads\/2025\/02\/Enara1Logo.jpg","contentUrl":"https:\/\/akelarremodels.com\/wp-content\/uploads\/2025\/02\/Enara1Logo.jpg","width":2120,"height":2120},{"@type":"BreadcrumbList","@id":"https:\/\/akelarremodels.com\/en\/producto\/enara-academic-bust\/#breadcrumb","itemListElement":[{"@type":"ListItem","position":1,"name":"Portada","item":"https:\/\/akelarremodels.com\/en\/home\/"},{"@type":"ListItem","position":2,"name":"Products","item":"https:\/\/akelarremodels.com\/en\/shop\/"},{"@type":"ListItem","position":3,"name":"&#8220;Enara&#8221; Academic bust."}]},{"@type":"WebSite","@id":"https:\/\/akelarremodels.com\/en\/#website","url":"https:\/\/akelarremodels.com\/en\/","name":"Akelarre Models","description":"Materiales y cursos para la pintura de miniaturas.","publisher":{"@id":"https:\/\/akelarremodels.com\/en\/#organization"},"potentialAction":[{"@type":"SearchAction","target":{"@type":"EntryPoint","urlTemplate":"https:\/\/akelarremodels.com\/en\/?s={search_term_string}"},"query-input":{"@type":"PropertyValueSpecification","valueRequired":true,"valueName":"search_term_string"}}],"inLanguage":"en-US"},{"@type":"Organization","@id":"https:\/\/akelarremodels.com\/en\/#organization","name":"Akelarre Models","url":"https:\/\/akelarremodels.com\/en\/","logo":{"@type":"ImageObject","inLanguage":"en-US","@id":"https:\/\/akelarremodels.com\/en\/#\/schema\/logo\/image\/","url":"https:\/\/akelarremodels.com\/wp-content\/uploads\/2024\/06\/Akelarre_n.png","contentUrl":"https:\/\/akelarremodels.com\/wp-content\/uploads\/2024\/06\/Akelarre_n.png","width":2068,"height":2068,"caption":"Akelarre Models"},"image":{"@id":"https:\/\/akelarremodels.com\/en\/#\/schema\/logo\/image\/"}}]}},"_links":{"self":[{"href":"https:\/\/akelarremodels.com\/en\/wp-json\/wp\/v2\/product\/6347","targetHints":{"allow":["GET"]}}],"collection":[{"href":"https:\/\/akelarremodels.com\/en\/wp-json\/wp\/v2\/product"}],"about":[{"href":"https:\/\/akelarremodels.com\/en\/wp-json\/wp\/v2\/types\/product"}],"replies":[{"embeddable":true,"href":"https:\/\/akelarremodels.com\/en\/wp-json\/wp\/v2\/comments?post=6347"}],"wp:featuredmedia":[{"embeddable":true,"href":"https:\/\/akelarremodels.com\/en\/wp-json\/wp\/v2\/media\/6434"}],"wp:attachment":[{"href":"https:\/\/akelarremodels.com\/en\/wp-json\/wp\/v2\/media?parent=6347"}],"wp:term":[{"taxonomy":"product_brand","embeddable":true,"href":"https:\/\/akelarremodels.com\/en\/wp-json\/wp\/v2\/product_brand?post=6347"},{"taxonomy":"product_cat","embeddable":true,"href":"https:\/\/akelarremodels.com\/en\/wp-json\/wp\/v2\/product_cat?post=6347"},{"taxonomy":"product_tag","embeddable":true,"href":"https:\/\/akelarremodels.com\/en\/wp-json\/wp\/v2\/product_tag?post=6347"}],"curies":[{"name":"wp","href":"https:\/\/api.w.org\/{rel}","templated":true}]}}