{"id":8075,"date":"2026-02-19T13:15:03","date_gmt":"2026-02-19T11:15:03","guid":{"rendered":"https:\/\/akelarremodels.com\/?post_type=product&#038;p=8075"},"modified":"2026-03-06T19:25:37","modified_gmt":"2026-03-06T17:25:37","slug":"myrelda-of-two-bloods","status":"publish","type":"product","link":"https:\/\/akelarremodels.com\/en\/producto\/myrelda-of-two-bloods\/","title":{"rendered":"Myrelda of Two Bloods"},"content":{"rendered":"<p>&#8220;Arcane Circle&#8221; is one of our latest collection of high quality resin busts for painters and collectors. This series pays homage to the mystical, bringing to life various powerful and enigmatic female characters that have influenced the folklore and history of different cultures and eras.<\/p>\n<p>Born of mixed blood, Myrelda defied the limits of her form through forbidden incantations and rituals of transmutation. By grafting the essence of an ancestral creature onto herself, she sealed her body as a receptacle of power. The ravens that accompany her are not omens, but witnesses\u2014familiars bound to her will and to the pacts that transformed her forever.<\/p>\n<p>This product includes:<\/p>\n<p>&#8211; 1X Myrelda of Two Bloods bust.<br \/>\n&#8211; 2X Premium Akelarre Models sheets.<br \/>\n&#8211; 2X Akelarre Models collection sticker.<\/p>\n<p>The price shown is the final price of the product excluding shipping costs.<\/p>\n<p>We ship worldwide.<br \/>\nShipping time may be 1-3 days.<br \/>\nShipping costs will apply.<br \/>\nShipping company: Correos. Shipments to destinations outside the European Union may be subject to customs charges.<\/p>\n<p>FREE SHIPPING COSTS:<br \/>\n-SPAIN: On orders over 150 \u20ac<br \/>\n-REST OF THE WORLD: On orders over 250 \u20ac.<\/p>\n<p>&nbsp;<\/p>\n","protected":false},"excerpt":{"rendered":"<p>Produced in high quality resin.<br \/>\nUnpainted model &#8211; Requires assembly.<\/p>\n<p>Bust scale: 1\/12.<br \/>\nNumber of pieces: 13<\/p>\n<p>Artwork: Laura Jim\u00e9nez G.<br \/>\nSculpture: Sara Gonz\u00e1lez.<br \/>\nBox Art: Garbi\u00f1e Arroyo (coming soon).<\/p>\n<p>This product is not a toy. Not recommended for people under 14 years of age.<\/p>\n","protected":false},"featured_media":8085,"comment_status":"open","ping_status":"closed","template":"","meta":{"_kadence_starter_templates_imported_post":false,"_kad_post_transparent":"default","_kad_post_title":"","_kad_post_layout":"default","_kad_post_sidebar_id":"","_kad_post_content_style":"default","_kad_post_vertical_padding":"default","_kad_post_feature":"","_kad_post_feature_position":"","_kad_post_header":false,"_kad_post_footer":false,"_kad_post_classname":""},"product_brand":[],"product_cat":[145,115,125,124],"product_tag":[],"class_list":{"0":"post-8075","1":"product","2":"type-product","3":"status-publish","4":"has-post-thumbnail","6":"product_cat-arcane-circle-collections","7":"product_cat-bustos-en","8":"product_cat-news","9":"product_cat-uncategorized","11":"first","12":"instock","13":"taxable","14":"shipping-taxable","15":"purchasable","16":"product-type-simple","17":"entry","18":"content-bg","19":"loop-entry"},"yoast_head":"<!-- This site is optimized with the Yoast SEO plugin v27.3 - https:\/\/yoast.com\/product\/yoast-seo-wordpress\/ -->\n<title>Myrelda of Two Bloods - Akelarre Models<\/title>\n<meta name=\"robots\" content=\"index, follow, max-snippet:-1, max-image-preview:large, max-video-preview:-1\" \/>\n<link rel=\"canonical\" href=\"https:\/\/akelarremodels.com\/en\/producto\/myrelda-of-two-bloods\/\" \/>\n<meta property=\"og:locale\" content=\"en_US\" \/>\n<meta property=\"og:type\" content=\"article\" \/>\n<meta property=\"og:title\" content=\"Myrelda of Two Bloods - Akelarre Models\" \/>\n<meta property=\"og:description\" content=\"Produced in high quality resin. Unpainted model - Requires assembly.  Bust scale: 1\/12. Number of pieces: 13  Artwork: Laura Jim\u00e9nez G. Sculpture: Sara Gonz\u00e1lez. Box Art: Garbi\u00f1e Arroyo (coming soon).  This product is not a toy. Not recommended for people under 14 years of age.\" \/>\n<meta property=\"og:url\" content=\"https:\/\/akelarremodels.com\/en\/producto\/myrelda-of-two-bloods\/\" \/>\n<meta property=\"og:site_name\" content=\"Akelarre Models\" \/>\n<meta property=\"article:modified_time\" content=\"2026-03-06T17:25:37+00:00\" \/>\n<meta property=\"og:image\" content=\"https:\/\/akelarremodels.com\/wp-content\/uploads\/2026\/02\/Nuevo_CROWWITCH_render1b-3.png\" \/>\n\t<meta property=\"og:image:width\" content=\"1328\" \/>\n\t<meta property=\"og:image:height\" content=\"1508\" \/>\n\t<meta property=\"og:image:type\" content=\"image\/png\" \/>\n<meta name=\"twitter:card\" content=\"summary_large_image\" \/>\n<meta name=\"twitter:label1\" content=\"Est. reading time\" \/>\n\t<meta name=\"twitter:data1\" content=\"2 minutes\" \/>\n<script type=\"application\/ld+json\" class=\"yoast-schema-graph\">{\"@context\":\"https:\\\/\\\/schema.org\",\"@graph\":[{\"@type\":\"WebPage\",\"@id\":\"https:\\\/\\\/akelarremodels.com\\\/en\\\/producto\\\/myrelda-of-two-bloods\\\/\",\"url\":\"https:\\\/\\\/akelarremodels.com\\\/en\\\/producto\\\/myrelda-of-two-bloods\\\/\",\"name\":\"Myrelda of Two Bloods - Akelarre Models\",\"isPartOf\":{\"@id\":\"https:\\\/\\\/akelarremodels.com\\\/en\\\/#website\"},\"primaryImageOfPage\":{\"@id\":\"https:\\\/\\\/akelarremodels.com\\\/en\\\/producto\\\/myrelda-of-two-bloods\\\/#primaryimage\"},\"image\":{\"@id\":\"https:\\\/\\\/akelarremodels.com\\\/en\\\/producto\\\/myrelda-of-two-bloods\\\/#primaryimage\"},\"thumbnailUrl\":\"https:\\\/\\\/akelarremodels.com\\\/wp-content\\\/uploads\\\/2026\\\/02\\\/Nuevo_CROWWITCH_render1b-3.png\",\"datePublished\":\"2026-02-19T11:15:03+00:00\",\"dateModified\":\"2026-03-06T17:25:37+00:00\",\"breadcrumb\":{\"@id\":\"https:\\\/\\\/akelarremodels.com\\\/en\\\/producto\\\/myrelda-of-two-bloods\\\/#breadcrumb\"},\"inLanguage\":\"en-US\",\"potentialAction\":[{\"@type\":\"ReadAction\",\"target\":[\"https:\\\/\\\/akelarremodels.com\\\/en\\\/producto\\\/myrelda-of-two-bloods\\\/\"]}]},{\"@type\":\"ImageObject\",\"inLanguage\":\"en-US\",\"@id\":\"https:\\\/\\\/akelarremodels.com\\\/en\\\/producto\\\/myrelda-of-two-bloods\\\/#primaryimage\",\"url\":\"https:\\\/\\\/akelarremodels.com\\\/wp-content\\\/uploads\\\/2026\\\/02\\\/Nuevo_CROWWITCH_render1b-3.png\",\"contentUrl\":\"https:\\\/\\\/akelarremodels.com\\\/wp-content\\\/uploads\\\/2026\\\/02\\\/Nuevo_CROWWITCH_render1b-3.png\",\"width\":1328,\"height\":1508},{\"@type\":\"BreadcrumbList\",\"@id\":\"https:\\\/\\\/akelarremodels.com\\\/en\\\/producto\\\/myrelda-of-two-bloods\\\/#breadcrumb\",\"itemListElement\":[{\"@type\":\"ListItem\",\"position\":1,\"name\":\"Portada\",\"item\":\"https:\\\/\\\/akelarremodels.com\\\/en\\\/home\\\/\"},{\"@type\":\"ListItem\",\"position\":2,\"name\":\"Products\",\"item\":\"https:\\\/\\\/akelarremodels.com\\\/en\\\/shop\\\/\"},{\"@type\":\"ListItem\",\"position\":3,\"name\":\"Myrelda of Two Bloods\"}]},{\"@type\":\"WebSite\",\"@id\":\"https:\\\/\\\/akelarremodels.com\\\/en\\\/#website\",\"url\":\"https:\\\/\\\/akelarremodels.com\\\/en\\\/\",\"name\":\"Akelarre Models\",\"description\":\"Materiales y cursos para la pintura de miniaturas.\",\"publisher\":{\"@id\":\"https:\\\/\\\/akelarremodels.com\\\/en\\\/#organization\"},\"potentialAction\":[{\"@type\":\"SearchAction\",\"target\":{\"@type\":\"EntryPoint\",\"urlTemplate\":\"https:\\\/\\\/akelarremodels.com\\\/en\\\/?s={search_term_string}\"},\"query-input\":{\"@type\":\"PropertyValueSpecification\",\"valueRequired\":true,\"valueName\":\"search_term_string\"}}],\"inLanguage\":\"en-US\"},{\"@type\":\"Organization\",\"@id\":\"https:\\\/\\\/akelarremodels.com\\\/en\\\/#organization\",\"name\":\"Akelarre Models\",\"url\":\"https:\\\/\\\/akelarremodels.com\\\/en\\\/\",\"logo\":{\"@type\":\"ImageObject\",\"inLanguage\":\"en-US\",\"@id\":\"https:\\\/\\\/akelarremodels.com\\\/en\\\/#\\\/schema\\\/logo\\\/image\\\/\",\"url\":\"https:\\\/\\\/akelarremodels.com\\\/wp-content\\\/uploads\\\/2024\\\/06\\\/Akelarre_n.png\",\"contentUrl\":\"https:\\\/\\\/akelarremodels.com\\\/wp-content\\\/uploads\\\/2024\\\/06\\\/Akelarre_n.png\",\"width\":2068,\"height\":2068,\"caption\":\"Akelarre Models\"},\"image\":{\"@id\":\"https:\\\/\\\/akelarremodels.com\\\/en\\\/#\\\/schema\\\/logo\\\/image\\\/\"}}]}<\/script>\n<!-- \/ Yoast SEO plugin. -->","yoast_head_json":{"title":"Myrelda of Two Bloods - Akelarre Models","robots":{"index":"index","follow":"follow","max-snippet":"max-snippet:-1","max-image-preview":"max-image-preview:large","max-video-preview":"max-video-preview:-1"},"canonical":"https:\/\/akelarremodels.com\/en\/producto\/myrelda-of-two-bloods\/","og_locale":"en_US","og_type":"article","og_title":"Myrelda of Two Bloods - Akelarre Models","og_description":"Produced in high quality resin. Unpainted model - Requires assembly.  Bust scale: 1\/12. Number of pieces: 13  Artwork: Laura Jim\u00e9nez G. Sculpture: Sara Gonz\u00e1lez. Box Art: Garbi\u00f1e Arroyo (coming soon).  This product is not a toy. Not recommended for people under 14 years of age.","og_url":"https:\/\/akelarremodels.com\/en\/producto\/myrelda-of-two-bloods\/","og_site_name":"Akelarre Models","article_modified_time":"2026-03-06T17:25:37+00:00","og_image":[{"width":1328,"height":1508,"url":"https:\/\/akelarremodels.com\/wp-content\/uploads\/2026\/02\/Nuevo_CROWWITCH_render1b-3.png","type":"image\/png"}],"twitter_card":"summary_large_image","twitter_misc":{"Est. reading time":"2 minutes"},"schema":{"@context":"https:\/\/schema.org","@graph":[{"@type":"WebPage","@id":"https:\/\/akelarremodels.com\/en\/producto\/myrelda-of-two-bloods\/","url":"https:\/\/akelarremodels.com\/en\/producto\/myrelda-of-two-bloods\/","name":"Myrelda of Two Bloods - Akelarre Models","isPartOf":{"@id":"https:\/\/akelarremodels.com\/en\/#website"},"primaryImageOfPage":{"@id":"https:\/\/akelarremodels.com\/en\/producto\/myrelda-of-two-bloods\/#primaryimage"},"image":{"@id":"https:\/\/akelarremodels.com\/en\/producto\/myrelda-of-two-bloods\/#primaryimage"},"thumbnailUrl":"https:\/\/akelarremodels.com\/wp-content\/uploads\/2026\/02\/Nuevo_CROWWITCH_render1b-3.png","datePublished":"2026-02-19T11:15:03+00:00","dateModified":"2026-03-06T17:25:37+00:00","breadcrumb":{"@id":"https:\/\/akelarremodels.com\/en\/producto\/myrelda-of-two-bloods\/#breadcrumb"},"inLanguage":"en-US","potentialAction":[{"@type":"ReadAction","target":["https:\/\/akelarremodels.com\/en\/producto\/myrelda-of-two-bloods\/"]}]},{"@type":"ImageObject","inLanguage":"en-US","@id":"https:\/\/akelarremodels.com\/en\/producto\/myrelda-of-two-bloods\/#primaryimage","url":"https:\/\/akelarremodels.com\/wp-content\/uploads\/2026\/02\/Nuevo_CROWWITCH_render1b-3.png","contentUrl":"https:\/\/akelarremodels.com\/wp-content\/uploads\/2026\/02\/Nuevo_CROWWITCH_render1b-3.png","width":1328,"height":1508},{"@type":"BreadcrumbList","@id":"https:\/\/akelarremodels.com\/en\/producto\/myrelda-of-two-bloods\/#breadcrumb","itemListElement":[{"@type":"ListItem","position":1,"name":"Portada","item":"https:\/\/akelarremodels.com\/en\/home\/"},{"@type":"ListItem","position":2,"name":"Products","item":"https:\/\/akelarremodels.com\/en\/shop\/"},{"@type":"ListItem","position":3,"name":"Myrelda of Two Bloods"}]},{"@type":"WebSite","@id":"https:\/\/akelarremodels.com\/en\/#website","url":"https:\/\/akelarremodels.com\/en\/","name":"Akelarre Models","description":"Materiales y cursos para la pintura de miniaturas.","publisher":{"@id":"https:\/\/akelarremodels.com\/en\/#organization"},"potentialAction":[{"@type":"SearchAction","target":{"@type":"EntryPoint","urlTemplate":"https:\/\/akelarremodels.com\/en\/?s={search_term_string}"},"query-input":{"@type":"PropertyValueSpecification","valueRequired":true,"valueName":"search_term_string"}}],"inLanguage":"en-US"},{"@type":"Organization","@id":"https:\/\/akelarremodels.com\/en\/#organization","name":"Akelarre Models","url":"https:\/\/akelarremodels.com\/en\/","logo":{"@type":"ImageObject","inLanguage":"en-US","@id":"https:\/\/akelarremodels.com\/en\/#\/schema\/logo\/image\/","url":"https:\/\/akelarremodels.com\/wp-content\/uploads\/2024\/06\/Akelarre_n.png","contentUrl":"https:\/\/akelarremodels.com\/wp-content\/uploads\/2024\/06\/Akelarre_n.png","width":2068,"height":2068,"caption":"Akelarre Models"},"image":{"@id":"https:\/\/akelarremodels.com\/en\/#\/schema\/logo\/image\/"}}]}},"_links":{"self":[{"href":"https:\/\/akelarremodels.com\/en\/wp-json\/wp\/v2\/product\/8075","targetHints":{"allow":["GET"]}}],"collection":[{"href":"https:\/\/akelarremodels.com\/en\/wp-json\/wp\/v2\/product"}],"about":[{"href":"https:\/\/akelarremodels.com\/en\/wp-json\/wp\/v2\/types\/product"}],"replies":[{"embeddable":true,"href":"https:\/\/akelarremodels.com\/en\/wp-json\/wp\/v2\/comments?post=8075"}],"wp:featuredmedia":[{"embeddable":true,"href":"https:\/\/akelarremodels.com\/en\/wp-json\/wp\/v2\/media\/8085"}],"wp:attachment":[{"href":"https:\/\/akelarremodels.com\/en\/wp-json\/wp\/v2\/media?parent=8075"}],"wp:term":[{"taxonomy":"product_brand","embeddable":true,"href":"https:\/\/akelarremodels.com\/en\/wp-json\/wp\/v2\/product_brand?post=8075"},{"taxonomy":"product_cat","embeddable":true,"href":"https:\/\/akelarremodels.com\/en\/wp-json\/wp\/v2\/product_cat?post=8075"},{"taxonomy":"product_tag","embeddable":true,"href":"https:\/\/akelarremodels.com\/en\/wp-json\/wp\/v2\/product_tag?post=8075"}],"curies":[{"name":"wp","href":"https:\/\/api.w.org\/{rel}","templated":true}]}}